{"id":38,"date":"2023-06-22T13:40:04","date_gmt":"2023-06-22T13:40:04","guid":{"rendered":"https:\/\/lab.chemsensim.fr\/?page_id=38"},"modified":"2025-07-11T09:45:08","modified_gmt":"2025-07-11T09:45:08","slug":"collaborations-partnerships","status":"publish","type":"page","link":"https:\/\/lab.chemsensim.fr\/index.php\/collaborations-partnerships\/","title":{"rendered":"Collaborations &#038; Partnerships"},"content":{"rendered":"\n<div class=\"wp-block-columns is-layout-flex wp-container-core-columns-is-layout-9d6595d7 wp-block-columns-is-layout-flex\">\n<div class=\"wp-block-column is-layout-flow wp-block-column-is-layout-flow\">\n<p class=\"has-text-align-center\"><mark style=\"background-color:rgba(0, 0, 0, 0)\" class=\"has-inline-color has-accent-color\"><strong>Academic Collaborations<\/strong><\/mark><\/p>\n<\/div>\n\n\n\n<div class=\"wp-block-column is-layout-flow wp-block-column-is-layout-flow\">\n<p class=\"has-text-align-center\"><strong><mark style=\"background-color:rgba(0, 0, 0, 0)\" class=\"has-inline-color has-accent-color\">Industrial Partnerships<\/mark><\/strong><\/p>\n<\/div>\n<\/div>\n\n\n\n<div class=\"wp-block-columns is-layout-flex wp-container-core-columns-is-layout-9d6595d7 wp-block-columns-is-layout-flex\">\n<div class=\"wp-block-column is-layout-flow wp-block-column-is-layout-flow\">\n<div class=\"wp-block-columns is-layout-flex wp-container-core-columns-is-layout-9d6595d7 wp-block-columns-is-layout-flex\">\n<div class=\"wp-block-column is-layout-flow wp-block-column-is-layout-flow\">\n<figure class=\"wp-block-gallery has-nested-images columns-6 is-cropped wp-block-gallery-1 is-layout-flex wp-block-gallery-is-layout-flex\">\n<figure class=\"wp-block-image size-large\"><img loading=\"lazy\" decoding=\"async\" width=\"200\" height=\"200\" data-id=\"276\" src=\"https:\/\/lab.chemsensim.fr\/wp-content\/uploads\/2023\/06\/logo_US.png\" alt=\"\" class=\"wp-image-276\" srcset=\"https:\/\/lab.chemsensim.fr\/wp-content\/uploads\/2023\/06\/logo_US.png 200w, https:\/\/lab.chemsensim.fr\/wp-content\/uploads\/2023\/06\/logo_US-150x150.png 150w\" sizes=\"auto, (max-width: 200px) 100vw, 200px\" \/><\/figure>\n\n\n\n<figure class=\"wp-block-image size-large\"><img loading=\"lazy\" decoding=\"async\" width=\"200\" height=\"200\" data-id=\"275\" src=\"https:\/\/lab.chemsensim.fr\/wp-content\/uploads\/2023\/06\/logo_KR.png\" alt=\"\" class=\"wp-image-275\" srcset=\"https:\/\/lab.chemsensim.fr\/wp-content\/uploads\/2023\/06\/logo_KR.png 200w, https:\/\/lab.chemsensim.fr\/wp-content\/uploads\/2023\/06\/logo_KR-150x150.png 150w\" sizes=\"auto, (max-width: 200px) 100vw, 200px\" \/><\/figure>\n\n\n\n<figure class=\"wp-block-image size-large\"><img loading=\"lazy\" decoding=\"async\" width=\"200\" height=\"200\" data-id=\"274\" src=\"https:\/\/lab.chemsensim.fr\/wp-content\/uploads\/2023\/06\/logo_IT.png\" alt=\"\" class=\"wp-image-274\" srcset=\"https:\/\/lab.chemsensim.fr\/wp-content\/uploads\/2023\/06\/logo_IT.png 200w, https:\/\/lab.chemsensim.fr\/wp-content\/uploads\/2023\/06\/logo_IT-150x150.png 150w\" sizes=\"auto, (max-width: 200px) 100vw, 200px\" \/><\/figure>\n\n\n\n<figure class=\"wp-block-image size-large\"><img loading=\"lazy\" decoding=\"async\" width=\"200\" height=\"200\" data-id=\"271\" src=\"https:\/\/lab.chemsensim.fr\/wp-content\/uploads\/2023\/06\/logo_CA.png\" alt=\"\" class=\"wp-image-271\" srcset=\"https:\/\/lab.chemsensim.fr\/wp-content\/uploads\/2023\/06\/logo_CA.png 200w, https:\/\/lab.chemsensim.fr\/wp-content\/uploads\/2023\/06\/logo_CA-150x150.png 150w\" sizes=\"auto, (max-width: 200px) 100vw, 200px\" \/><\/figure>\n\n\n\n<figure class=\"wp-block-image size-large\"><img loading=\"lazy\" decoding=\"async\" width=\"200\" height=\"200\" data-id=\"272\" src=\"https:\/\/lab.chemsensim.fr\/wp-content\/uploads\/2023\/06\/logo_DE.png\" alt=\"\" class=\"wp-image-272\" srcset=\"https:\/\/lab.chemsensim.fr\/wp-content\/uploads\/2023\/06\/logo_DE.png 200w, https:\/\/lab.chemsensim.fr\/wp-content\/uploads\/2023\/06\/logo_DE-150x150.png 150w\" sizes=\"auto, (max-width: 200px) 100vw, 200px\" \/><\/figure>\n\n\n\n<figure class=\"wp-block-image size-large\"><img loading=\"lazy\" decoding=\"async\" width=\"200\" height=\"200\" data-id=\"273\" src=\"https:\/\/lab.chemsensim.fr\/wp-content\/uploads\/2023\/06\/logo_FR.png\" alt=\"\" class=\"wp-image-273\" srcset=\"https:\/\/lab.chemsensim.fr\/wp-content\/uploads\/2023\/06\/logo_FR.png 200w, https:\/\/lab.chemsensim.fr\/wp-content\/uploads\/2023\/06\/logo_FR-150x150.png 150w\" sizes=\"auto, (max-width: 200px) 100vw, 200px\" \/><\/figure>\n<\/figure>\n<\/div>\n<\/div>\n\n\n\n<div class=\"wp-block-columns is-layout-flex wp-container-core-columns-is-layout-9d6595d7 wp-block-columns-is-layout-flex\">\n<div class=\"wp-block-column is-layout-flow wp-block-column-is-layout-flow\">\n<p><a href=\"https:\/\/monell.org\/peihua-jiang\/\" target=\"_blank\" rel=\"noreferrer noopener\">Peihua Jiang<\/a>\u00a0(Monell, US)<br><a href=\"https:\/\/monell.org\/joel-mainland\/\" target=\"_blank\" rel=\"noreferrer noopener\">Joel Mainland<\/a>\u00a0(Monell, US)<br><a href=\"https:\/\/www.kfri.re.kr\/?r=en\" target=\"_blank\" rel=\"noreferrer noopener\">Mee-Ra Rhyu<\/a>\u00a0(KFRI, KR)<br><a href=\"https:\/\/scholar.google.com\/citations?user=kXuCPg8AAAAJ&amp;hl=en\">Cheil Moon<\/a> (DGIST, KR)<br><a href=\"https:\/\/sailab.diism.unisi.it\/people\/marco-gori\/\">Marco Gori<\/a> (Siena, IT)<br><a href=\"https:\/\/www.cs.mcgill.ca\/~jeromew\/\" target=\"_blank\" rel=\"noreferrer noopener\">J\u00e9r\u00f4me Waldisp\u00fchl<\/a>\u00a0(McGill, CA)<br><a href=\"https:\/\/www.moldyn.uni-freiburg.de\/members\/steffen\/index.html\" target=\"_blank\" rel=\"noreferrer noopener\">Steffen Wolf<\/a> (U. Freiburg, DE)<br><a href=\"https:\/\/www.groups.ph.tum.de\/t38\/home\/\" target=\"_blank\" rel=\"noreferrer noopener\">Martin Zacharias<\/a>\u00a0(TUM, DE)<br><a href=\"https:\/\/iees-paris.fr\/equipes\/chimioreception-et-adaptation\/\" target=\"_blank\" rel=\"noreferrer noopener\">Emmanuelle J.Joly<\/a>\u00a0(INRAE Versailles, FR)<br><a href=\"https:\/\/www2.dijon.inrae.fr\/csga\/site_fr\/institut_organisation.php#\">Lo\u00efc Briand<\/a>\u00a0(INRAE Dijon, FR)<br><a href=\"https:\/\/www.ibs.fr\/fr\/recherche\/proteines-membranaires-et-glycobiologie\/groupe-transport-membranaire-h-nury\/equipe-moreau\/\">Christophe Moreau<\/a> (IBS Grenoble, FR)<br><a href=\"https:\/\/www.linkedin.com\/in\/axel-marchal-04212210\/?originalSubdomain=fr\" target=\"_blank\" rel=\"noreferrer noopener\">Axel Marchal<\/a>\u00a0(ISVV Bordeaux, FR)<br><a href=\"https:\/\/www.crnl.fr\/fr\/equipe\/neuropop\" target=\"_blank\" rel=\"noreferrer noopener\">Moustafa Bensafi<\/a>\u00a0(CRN Lyon, FR)<br><a href=\"https:\/\/perso.liris.cnrs.fr\/celine.robardet\/\" target=\"_blank\" rel=\"noreferrer noopener\">C\u00e9line Robardet<\/a>\u00a0(LIRIS Lyon, FR)<br><a href=\"https:\/\/www.lrde.epita.fr\/wiki\/User:Marc\" target=\"_blank\" rel=\"noreferrer noopener\">Marc Plantevit<\/a>\u00a0(LRDE Lyon, FR)<br><a href=\"https:\/\/www.univ-st-etienne.fr\/fr\/lbvpam.html\" target=\"_blank\" rel=\"noreferrer noopener\">Fr\u00e9d\u00e9ric Jullien<\/a>\u00a0(LBVPAM St Etienne, FR)<br><a href=\"https:\/\/www.ch-versailles.fr\/ORL\/5\/5\/25\">Hakim Benkhatar<\/a> (CH Versailles, FR)<br><a href=\"https:\/\/ibmm.umontpellier.fr\/annuaire\/parrot-isabelle\/\">Isabelle Parrot<\/a> (IBMM Montpelier, FR)<\/p>\n<\/div>\n<\/div>\n<\/div>\n\n\n\n<div class=\"wp-block-column is-layout-flow wp-block-column-is-layout-flow\">\n<figure class=\"wp-block-gallery has-nested-images columns-4 wp-block-gallery-2 is-layout-flex wp-block-gallery-is-layout-flex\">\n<figure class=\"wp-block-image size-thumbnail\"><a href=\"https:\/\/www2.perfumist.fr\/\"><img loading=\"lazy\" decoding=\"async\" width=\"150\" height=\"150\" data-id=\"267\" src=\"https:\/\/lab.chemsensim.fr\/wp-content\/uploads\/2023\/06\/Perfumist_logo-150x150.png\" alt=\"\" class=\"wp-image-267\" srcset=\"https:\/\/lab.chemsensim.fr\/wp-content\/uploads\/2023\/06\/Perfumist_logo-150x150.png 150w, https:\/\/lab.chemsensim.fr\/wp-content\/uploads\/2023\/06\/Perfumist_logo.png 200w\" sizes=\"auto, (max-width: 150px) 100vw, 150px\" \/><\/a><\/figure>\n\n\n\n<figure class=\"wp-block-image size-thumbnail\"><a href=\"https:\/\/www.epparfums.com\/\"><img loading=\"lazy\" decoding=\"async\" width=\"150\" height=\"150\" data-id=\"264\" src=\"https:\/\/lab.chemsensim.fr\/wp-content\/uploads\/2023\/06\/EP_logo-150x150.png\" alt=\"\" class=\"wp-image-264\" srcset=\"https:\/\/lab.chemsensim.fr\/wp-content\/uploads\/2023\/06\/EP_logo-150x150.png 150w, https:\/\/lab.chemsensim.fr\/wp-content\/uploads\/2023\/06\/EP_logo.png 200w\" sizes=\"auto, (max-width: 150px) 100vw, 150px\" \/><\/a><\/figure>\n\n\n\n<figure class=\"wp-block-image size-thumbnail\"><a href=\"https:\/\/www.robertet.com\/\"><img loading=\"lazy\" decoding=\"async\" width=\"150\" height=\"150\" data-id=\"263\" src=\"https:\/\/lab.chemsensim.fr\/wp-content\/uploads\/2023\/06\/Robertet_logo-150x150.png\" alt=\"\" class=\"wp-image-263\" srcset=\"https:\/\/lab.chemsensim.fr\/wp-content\/uploads\/2023\/06\/Robertet_logo-150x150.png 150w, https:\/\/lab.chemsensim.fr\/wp-content\/uploads\/2023\/06\/Robertet_logo.png 200w\" sizes=\"auto, (max-width: 150px) 100vw, 150px\" \/><\/a><\/figure>\n\n\n\n<figure class=\"wp-block-image size-thumbnail\"><a href=\"https:\/\/aryballe.com\/\"><img loading=\"lazy\" decoding=\"async\" width=\"150\" height=\"150\" data-id=\"265\" src=\"https:\/\/lab.chemsensim.fr\/wp-content\/uploads\/2023\/06\/aryballe_logo-150x150.png\" alt=\"\" class=\"wp-image-265\" srcset=\"https:\/\/lab.chemsensim.fr\/wp-content\/uploads\/2023\/06\/aryballe_logo-150x150.png 150w, https:\/\/lab.chemsensim.fr\/wp-content\/uploads\/2023\/06\/aryballe_logo.png 200w\" sizes=\"auto, (max-width: 150px) 100vw, 150px\" \/><\/a><\/figure>\n\n\n\n<figure class=\"wp-block-image size-thumbnail\"><a href=\"https:\/\/www.edeniste.com\/\"><img loading=\"lazy\" decoding=\"async\" width=\"150\" height=\"150\" data-id=\"318\" src=\"https:\/\/lab.chemsensim.fr\/wp-content\/uploads\/2023\/07\/edeniste_logo-150x150.png\" alt=\"\" class=\"wp-image-318\" srcset=\"https:\/\/lab.chemsensim.fr\/wp-content\/uploads\/2023\/07\/edeniste_logo-150x150.png 150w, https:\/\/lab.chemsensim.fr\/wp-content\/uploads\/2023\/07\/edeniste_logo-300x300.png 300w, https:\/\/lab.chemsensim.fr\/wp-content\/uploads\/2023\/07\/edeniste_logo-1024x1024.png 1024w, https:\/\/lab.chemsensim.fr\/wp-content\/uploads\/2023\/07\/edeniste_logo-768x768.png 768w, https:\/\/lab.chemsensim.fr\/wp-content\/uploads\/2023\/07\/edeniste_logo-1536x1536.png 1536w, https:\/\/lab.chemsensim.fr\/wp-content\/uploads\/2023\/07\/edeniste_logo-2048x2048.png 2048w\" sizes=\"auto, (max-width: 150px) 100vw, 150px\" \/><\/a><\/figure>\n\n\n\n<figure class=\"wp-block-image size-thumbnail\"><a href=\"https:\/\/www.iff.com\/\"><img loading=\"lazy\" decoding=\"async\" width=\"150\" height=\"150\" data-id=\"317\" src=\"https:\/\/lab.chemsensim.fr\/wp-content\/uploads\/2023\/07\/IFF_logo-150x150.png\" alt=\"\" class=\"wp-image-317\" srcset=\"https:\/\/lab.chemsensim.fr\/wp-content\/uploads\/2023\/07\/IFF_logo-150x150.png 150w, https:\/\/lab.chemsensim.fr\/wp-content\/uploads\/2023\/07\/IFF_logo-300x300.png 300w, https:\/\/lab.chemsensim.fr\/wp-content\/uploads\/2023\/07\/IFF_logo-1024x1024.png 1024w, https:\/\/lab.chemsensim.fr\/wp-content\/uploads\/2023\/07\/IFF_logo-768x768.png 768w, https:\/\/lab.chemsensim.fr\/wp-content\/uploads\/2023\/07\/IFF_logo-1536x1536.png 1536w, https:\/\/lab.chemsensim.fr\/wp-content\/uploads\/2023\/07\/IFF_logo-2048x2048.png 2048w\" sizes=\"auto, (max-width: 150px) 100vw, 150px\" \/><\/a><\/figure>\n\n\n\n<figure class=\"wp-block-image size-thumbnail\"><img loading=\"lazy\" decoding=\"async\" width=\"150\" height=\"150\" data-id=\"562\" src=\"https:\/\/lab.chemsensim.fr\/wp-content\/uploads\/2024\/06\/Takasago_logo-150x150.png\" alt=\"\" class=\"wp-image-562\" srcset=\"https:\/\/lab.chemsensim.fr\/wp-content\/uploads\/2024\/06\/Takasago_logo-150x150.png 150w, https:\/\/lab.chemsensim.fr\/wp-content\/uploads\/2024\/06\/Takasago_logo.png 200w\" sizes=\"auto, (max-width: 150px) 100vw, 150px\" \/><\/figure>\n<\/figure>\n\n\n\n<p>@<em>our future industrial partners:<\/em> collaborate with us through funded research programs, service delivery, consulting or sponsoring! Do not hesitate to contact us <a href=\"mailto:contact@chemsensim.fr\">contact@chemsensim.fr<\/a><\/p>\n<\/div>\n<\/div>\n\n\n\n<p><\/p>\n","protected":false},"excerpt":{"rendered":"<p>Academic Collaborations Industrial Partnerships Peihua Jiang\u00a0(Monell, US)Joel Mainland\u00a0(Monell, US)Mee-Ra Rhyu\u00a0(KFRI, KR)Cheil Moon (DGIST, KR)Marco Gori (Siena, IT)J\u00e9r\u00f4me Waldisp\u00fchl\u00a0(McGill, CA)Steffen Wolf (U. Freiburg, DE)Martin Zacharias\u00a0(TUM, DE)Emmanuelle J.Joly\u00a0(INRAE Versailles, FR)Lo\u00efc Briand\u00a0(INRAE Dijon, FR)Christophe Moreau (IBS Grenoble, FR)Axel Marchal\u00a0(ISVV Bordeaux, FR)Moustafa Bensafi\u00a0(CRN Lyon, FR)C\u00e9line Robardet\u00a0(LIRIS Lyon, FR)Marc Plantevit\u00a0(LRDE Lyon, FR)Fr\u00e9d\u00e9ric Jullien\u00a0(LBVPAM St Etienne, FR)Hakim Benkhatar (CH Versailles, FR)Isabelle &#8230; <a title=\"Collaborations &#038; Partnerships\" class=\"read-more\" href=\"https:\/\/lab.chemsensim.fr\/index.php\/collaborations-partnerships\/\" aria-label=\"Read more about Collaborations &#038; Partnerships\">Read more<\/a><\/p>\n","protected":false},"author":1,"featured_media":0,"parent":0,"menu_order":0,"comment_status":"closed","ping_status":"closed","template":"","meta":{"footnotes":""},"class_list":["post-38","page","type-page","status-publish"],"_links":{"self":[{"href":"https:\/\/lab.chemsensim.fr\/index.php\/wp-json\/wp\/v2\/pages\/38","targetHints":{"allow":["GET"]}}],"collection":[{"href":"https:\/\/lab.chemsensim.fr\/index.php\/wp-json\/wp\/v2\/pages"}],"about":[{"href":"https:\/\/lab.chemsensim.fr\/index.php\/wp-json\/wp\/v2\/types\/page"}],"author":[{"embeddable":true,"href":"https:\/\/lab.chemsensim.fr\/index.php\/wp-json\/wp\/v2\/users\/1"}],"replies":[{"embeddable":true,"href":"https:\/\/lab.chemsensim.fr\/index.php\/wp-json\/wp\/v2\/comments?post=38"}],"version-history":[{"count":23,"href":"https:\/\/lab.chemsensim.fr\/index.php\/wp-json\/wp\/v2\/pages\/38\/revisions"}],"predecessor-version":[{"id":777,"href":"https:\/\/lab.chemsensim.fr\/index.php\/wp-json\/wp\/v2\/pages\/38\/revisions\/777"}],"wp:attachment":[{"href":"https:\/\/lab.chemsensim.fr\/index.php\/wp-json\/wp\/v2\/media?parent=38"}],"curies":[{"name":"wp","href":"https:\/\/api.w.org\/{rel}","templated":true}]}}